{"id":11986,"date":"2023-11-27T08:31:44","date_gmt":"2023-11-27T08:31:44","guid":{"rendered":"https:\/\/dvelas.com\/contact\/"},"modified":"2026-03-18T11:05:42","modified_gmt":"2026-03-18T11:05:42","slug":"contacto-2","status":"publish","type":"page","link":"https:\/\/dvelas.com\/es\/contacto-2\/","title":{"rendered":"Contacto"},"content":{"rendered":"\t\t<div data-elementor-type=\"wp-page\" data-elementor-id=\"11986\" class=\"elementor elementor-11986 elementor-11973\">\n\t\t\t\t<div class=\"elementor-element elementor-element-19c7d53 e-flex e-con-boxed e-con e-parent\" data-id=\"19c7d53\" data-element_type=\"container\">\n\t\t\t\t\t<div class=\"e-con-inner\">\n\t\t<div class=\"elementor-element elementor-element-7ae93c8 e-con-full e-flex e-con e-child\" data-id=\"7ae93c8\" data-element_type=\"container\">\n\t\t\t\t<div class=\"elementor-element elementor-element-3e96beb elementor-widget elementor-widget-text-editor\" data-id=\"3e96beb\" data-element_type=\"widget\" data-widget_type=\"text-editor.default\">\n\t\t\t\t\t\t\t\t\t<p>Padre Calatayud 13 bajo<\/p><p>31003 Pamplona, Navarra, Spain<\/p><p>Email:\u00a0<a href=\"mailto:dvelas@dvelas.com\">dvelas@dvelas.com<\/a><\/p><p>Phone:\u00a0<a href=\"https:\/\/dvelas.com\/#\">+34 948 237 091<\/a><\/p><p>Find us:\u00a0<a href=\"https:\/\/goo.gl\/maps\/SFMSorsXV6dehGck6\" target=\"_blank\" rel=\"noopener\">Google Maps<\/a><\/p>\t\t\t\t\t\t\t\t<\/div>\n\t\t\t\t<\/div>\n\t\t<div class=\"elementor-element elementor-element-125caca e-con-full e-flex e-con e-child\" data-id=\"125caca\" data-element_type=\"container\">\n\t\t\t\t<div class=\"elementor-element elementor-element-0a549aa elementor-widget elementor-widget-text-editor\" data-id=\"0a549aa\" data-element_type=\"widget\" data-widget_type=\"text-editor.default\">\n\t\t\t\t\t\t\t\t\t<h2 class=\"fusion-responsive-typography-calculated\" data-fontsize=\"20\" data-lineheight=\"24px\">Do you have any question? \u00bfTienes alguna consulta?<\/h2><p>We will contact you as soon as possible \/ Contactaremos contigo lo antes posible<\/p>\t\t\t\t\t\t\t\t<\/div>\n\t\t\t\t<div class=\"elementor-element elementor-element-124fa19 elementor-widget elementor-widget-html\" data-id=\"124fa19\" data-element_type=\"widget\" data-widget_type=\"html.default\">\n\t\t\t\t\t<script charset=\"utf-8\" type=\"text\/javascript\" src=\"\/\/js.hsforms.net\/forms\/embed\/v2.js\"><\/script>\n<script>\n  hbspt.forms.create({\n    portalId: \"49287854\",\n    formId: \"013fbb7a-4939-4ed5-9bd9-9471a05a98ee\",\n    region: \"na1\"\n  });\n<\/script>\t\t\t\t<\/div>\n\t\t\t\t<\/div>\n\t\t\t\t\t<\/div>\n\t\t\t\t<\/div>\n\t\t\t\t<\/div>\n\t\t","protected":false},"excerpt":{"rendered":"<p>Padre Calatayud 13 bajo 31003 Pamplona, Navarra, Spain Email:\u00a0dvelas@dvelas.com Phone:\u00a0+34 948 237 091 Find us:\u00a0Google Maps Do you have any question? \u00bfTienes alguna consulta? We will contact you as soon as possible \/ Contactaremos contigo lo antes posible<\/p>\n","protected":false},"author":7,"featured_media":0,"parent":0,"menu_order":0,"comment_status":"closed","ping_status":"closed","template":"","meta":{"content-type":"","_uag_custom_page_level_css":"","footnotes":""},"class_list":["post-11986","page","type-page","status-publish","hentry"],"yoast_head":"<!-- This site is optimized with the Yoast SEO plugin v27.5 - https:\/\/yoast.com\/product\/yoast-seo-wordpress\/ -->\n<title>Contacto - DVELAS<\/title>\n<meta name=\"description\" content=\"Calle Padre Calatayud 13, 31003 Pamplona Spain dvelas@dvelas.com +34948237091\" \/>\n<meta name=\"robots\" content=\"index, follow, max-snippet:-1, max-image-preview:large, max-video-preview:-1\" \/>\n<link rel=\"canonical\" href=\"https:\/\/dvelas.com\/contact\/\" \/>\n<meta property=\"og:locale\" content=\"es_ES\" \/>\n<meta property=\"og:type\" content=\"article\" \/>\n<meta property=\"og:title\" content=\"Contacto - DVELAS\" \/>\n<meta property=\"og:description\" content=\"Calle Padre Calatayud 13, 31003 Pamplona Spain dvelas@dvelas.com +34948237091\" \/>\n<meta property=\"og:url\" content=\"https:\/\/dvelas.com\/contact\/\" \/>\n<meta property=\"og:site_name\" content=\"DVELAS\" \/>\n<meta property=\"article:publisher\" content=\"https:\/\/www.facebook.com\/dvelasdesign\/\" \/>\n<meta property=\"article:modified_time\" content=\"2026-03-18T11:05:42+00:00\" \/>\n<meta name=\"twitter:card\" content=\"summary_large_image\" \/>\n<meta name=\"twitter:site\" content=\"@dvelasdesign\" \/>\n<script type=\"application\/ld+json\" class=\"yoast-schema-graph\">{\"@context\":\"https:\\\/\\\/schema.org\",\"@graph\":[{\"@type\":\"WebPage\",\"@id\":\"https:\\\/\\\/dvelas.com\\\/contact\\\/\",\"url\":\"https:\\\/\\\/dvelas.com\\\/contact\\\/\",\"name\":\"Contacto - DVELAS\",\"isPartOf\":{\"@id\":\"https:\\\/\\\/dvelas.com\\\/#website\"},\"datePublished\":\"2023-11-27T08:31:44+00:00\",\"dateModified\":\"2026-03-18T11:05:42+00:00\",\"description\":\"Calle Padre Calatayud 13, 31003 Pamplona Spain dvelas@dvelas.com +34948237091\",\"breadcrumb\":{\"@id\":\"https:\\\/\\\/dvelas.com\\\/contact\\\/#breadcrumb\"},\"inLanguage\":\"es\",\"potentialAction\":[{\"@type\":\"ReadAction\",\"target\":[\"https:\\\/\\\/dvelas.com\\\/contact\\\/\"]}]},{\"@type\":\"BreadcrumbList\",\"@id\":\"https:\\\/\\\/dvelas.com\\\/contact\\\/#breadcrumb\",\"itemListElement\":[{\"@type\":\"ListItem\",\"position\":1,\"name\":\"Home\",\"item\":\"https:\\\/\\\/dvelas.com\\\/es\\\/\"},{\"@type\":\"ListItem\",\"position\":2,\"name\":\"Contacto\"}]},{\"@type\":\"WebSite\",\"@id\":\"https:\\\/\\\/dvelas.com\\\/#website\",\"url\":\"https:\\\/\\\/dvelas.com\\\/\",\"name\":\"DVELAS\",\"description\":\"Muebles de exterior y velas de sombra para uso dom\u00e9stico y comercial. Dise\u00f1os para un mundo sostenible. Compromiso de econom\u00eda circular.\",\"publisher\":{\"@id\":\"https:\\\/\\\/dvelas.com\\\/#organization\"},\"potentialAction\":[{\"@type\":\"SearchAction\",\"target\":{\"@type\":\"EntryPoint\",\"urlTemplate\":\"https:\\\/\\\/dvelas.com\\\/?s={search_term_string}\"},\"query-input\":{\"@type\":\"PropertyValueSpecification\",\"valueRequired\":true,\"valueName\":\"search_term_string\"}}],\"inLanguage\":\"es\"},{\"@type\":\"Organization\",\"@id\":\"https:\\\/\\\/dvelas.com\\\/#organization\",\"name\":\"Dvelas Sustainable Design\",\"url\":\"https:\\\/\\\/dvelas.com\\\/\",\"logo\":{\"@type\":\"ImageObject\",\"inLanguage\":\"es\",\"@id\":\"https:\\\/\\\/dvelas.com\\\/#\\\/schema\\\/logo\\\/image\\\/\",\"url\":\"https:\\\/\\\/dvelas.com\\\/wp-content\\\/uploads\\\/2020\\\/05\\\/design-outdoor-furniture-310.png\",\"contentUrl\":\"https:\\\/\\\/dvelas.com\\\/wp-content\\\/uploads\\\/2020\\\/05\\\/design-outdoor-furniture-310.png\",\"width\":310,\"height\":130,\"caption\":\"Dvelas Sustainable Design\"},\"image\":{\"@id\":\"https:\\\/\\\/dvelas.com\\\/#\\\/schema\\\/logo\\\/image\\\/\"},\"sameAs\":[\"https:\\\/\\\/www.facebook.com\\\/dvelasdesign\\\/\",\"https:\\\/\\\/x.com\\\/dvelasdesign\",\"https:\\\/\\\/www.instagram.com\\\/dvelas\\\/\",\"https:\\\/\\\/www.linkedin.com\\\/company\\\/dvelas\\\/\",\"https:\\\/\\\/www.pinterest.com\\\/dvelasdesign\\\/\",\"https:\\\/\\\/www.youtube.com\\\/c\\\/DvelasDesign\\\/featured\"]}]}<\/script>\n<!-- \/ Yoast SEO plugin. -->","yoast_head_json":{"title":"Contacto - DVELAS","description":"Calle Padre Calatayud 13, 31003 Pamplona Spain dvelas@dvelas.com +34948237091","robots":{"index":"index","follow":"follow","max-snippet":"max-snippet:-1","max-image-preview":"max-image-preview:large","max-video-preview":"max-video-preview:-1"},"canonical":"https:\/\/dvelas.com\/contact\/","og_locale":"es_ES","og_type":"article","og_title":"Contacto - DVELAS","og_description":"Calle Padre Calatayud 13, 31003 Pamplona Spain dvelas@dvelas.com +34948237091","og_url":"https:\/\/dvelas.com\/contact\/","og_site_name":"DVELAS","article_publisher":"https:\/\/www.facebook.com\/dvelasdesign\/","article_modified_time":"2026-03-18T11:05:42+00:00","twitter_card":"summary_large_image","twitter_site":"@dvelasdesign","schema":{"@context":"https:\/\/schema.org","@graph":[{"@type":"WebPage","@id":"https:\/\/dvelas.com\/contact\/","url":"https:\/\/dvelas.com\/contact\/","name":"Contacto - DVELAS","isPartOf":{"@id":"https:\/\/dvelas.com\/#website"},"datePublished":"2023-11-27T08:31:44+00:00","dateModified":"2026-03-18T11:05:42+00:00","description":"Calle Padre Calatayud 13, 31003 Pamplona Spain dvelas@dvelas.com +34948237091","breadcrumb":{"@id":"https:\/\/dvelas.com\/contact\/#breadcrumb"},"inLanguage":"es","potentialAction":[{"@type":"ReadAction","target":["https:\/\/dvelas.com\/contact\/"]}]},{"@type":"BreadcrumbList","@id":"https:\/\/dvelas.com\/contact\/#breadcrumb","itemListElement":[{"@type":"ListItem","position":1,"name":"Home","item":"https:\/\/dvelas.com\/es\/"},{"@type":"ListItem","position":2,"name":"Contacto"}]},{"@type":"WebSite","@id":"https:\/\/dvelas.com\/#website","url":"https:\/\/dvelas.com\/","name":"DVELAS","description":"Muebles de exterior y velas de sombra para uso dom\u00e9stico y comercial. Dise\u00f1os para un mundo sostenible. Compromiso de econom\u00eda circular.","publisher":{"@id":"https:\/\/dvelas.com\/#organization"},"potentialAction":[{"@type":"SearchAction","target":{"@type":"EntryPoint","urlTemplate":"https:\/\/dvelas.com\/?s={search_term_string}"},"query-input":{"@type":"PropertyValueSpecification","valueRequired":true,"valueName":"search_term_string"}}],"inLanguage":"es"},{"@type":"Organization","@id":"https:\/\/dvelas.com\/#organization","name":"Dvelas Sustainable Design","url":"https:\/\/dvelas.com\/","logo":{"@type":"ImageObject","inLanguage":"es","@id":"https:\/\/dvelas.com\/#\/schema\/logo\/image\/","url":"https:\/\/dvelas.com\/wp-content\/uploads\/2020\/05\/design-outdoor-furniture-310.png","contentUrl":"https:\/\/dvelas.com\/wp-content\/uploads\/2020\/05\/design-outdoor-furniture-310.png","width":310,"height":130,"caption":"Dvelas Sustainable Design"},"image":{"@id":"https:\/\/dvelas.com\/#\/schema\/logo\/image\/"},"sameAs":["https:\/\/www.facebook.com\/dvelasdesign\/","https:\/\/x.com\/dvelasdesign","https:\/\/www.instagram.com\/dvelas\/","https:\/\/www.linkedin.com\/company\/dvelas\/","https:\/\/www.pinterest.com\/dvelasdesign\/","https:\/\/www.youtube.com\/c\/DvelasDesign\/featured"]}]}},"uagb_featured_image_src":{"full":false,"thumbnail":false,"medium":false,"medium_large":false,"large":false,"1536x1536":false,"2048x2048":false,"blog-large":false,"blog-medium":false,"recent-posts":false,"recent-works-thumbnail":false,"fusion-200":false,"fusion-400":false,"fusion-600":false,"fusion-800":false,"fusion-1200":false,"portfolio-full":false,"portfolio-one":false,"portfolio-two":false,"portfolio-three":false,"portfolio-five":false},"uagb_author_info":{"display_name":"Dvelas","author_link":"https:\/\/dvelas.com\/es\/author\/dvelas_usr\/"},"uagb_comment_info":0,"uagb_excerpt":"Padre Calatayud 13 bajo 31003 Pamplona, Navarra, Spain Email:\u00a0dvelas@dvelas.com Phone:\u00a0+34 948 237 091 Find us:\u00a0Google Maps Do you have any question? \u00bfTienes alguna consulta? We will contact you as soon as possible \/ Contactaremos contigo lo antes posible","_links":{"self":[{"href":"https:\/\/dvelas.com\/es\/wp-json\/wp\/v2\/pages\/11986","targetHints":{"allow":["GET"]}}],"collection":[{"href":"https:\/\/dvelas.com\/es\/wp-json\/wp\/v2\/pages"}],"about":[{"href":"https:\/\/dvelas.com\/es\/wp-json\/wp\/v2\/types\/page"}],"author":[{"embeddable":true,"href":"https:\/\/dvelas.com\/es\/wp-json\/wp\/v2\/users\/7"}],"replies":[{"embeddable":true,"href":"https:\/\/dvelas.com\/es\/wp-json\/wp\/v2\/comments?post=11986"}],"version-history":[{"count":12,"href":"https:\/\/dvelas.com\/es\/wp-json\/wp\/v2\/pages\/11986\/revisions"}],"predecessor-version":[{"id":12668,"href":"https:\/\/dvelas.com\/es\/wp-json\/wp\/v2\/pages\/11986\/revisions\/12668"}],"wp:attachment":[{"href":"https:\/\/dvelas.com\/es\/wp-json\/wp\/v2\/media?parent=11986"}],"curies":[{"name":"wp","href":"https:\/\/api.w.org\/{rel}","templated":true}]}}